{"id":85,"date":"2023-05-28T04:00:25","date_gmt":"2023-05-28T04:00:25","guid":{"rendered":"https:\/\/shipcenter.com.ve\/ccs\/?page_id=85"},"modified":"2024-06-05T20:24:09","modified_gmt":"2024-06-05T20:24:09","slug":"inscripcion-casillero","status":"publish","type":"page","link":"https:\/\/shipcenter.com.ve\/ccs\/inscripcion-casillero\/","title":{"rendered":"Casillero Miami"},"content":{"rendered":"\n<p class=\"has-text-align-center has-white-color has-vivid-red-background-color has-text-color has-background has-large-font-size\" style=\"padding-top:var(--wp--preset--spacing--20);padding-right:var(--wp--preset--spacing--20);padding-bottom:var(--wp--preset--spacing--20);padding-left:var(--wp--preset--spacing--20)\"><strong>Casillero Miami<\/strong><\/p>\n\n\n\n<p>El servicio de casilleros de Miami le permite recibir encomiendas en la direcci\u00f3n de nuestro almac\u00e9n en Miami (compras en l\u00ednea \/ env\u00edos de familiares y\/o amigos, documentos) pague en l\u00ednea con tarjeta de cr\u00e9dito internacional, Paypal \u00f3 Pago Movil Bs. para posteriormente ser trasladadas a su tienda ShipCenter de confianza v\u00eda a\u00e9rea o v\u00eda mar\u00edtima.<\/p>\n\n\n\n<p class=\"has-text-align-center\"><strong>CASILLERO A\u00c9REO MIAMI<\/strong><\/p>\n\n\n\n<p>El costo actual es: 6.3 d\u00f3lares x cada medio kilo, mas 1 d\u00f3lar de seguro por paquete si el valor es menor o igual a $100; 1% del valor en caso contrario.<br>El costo por sobre de documento es: $2,50.<\/p>\n\n\n\n<p class=\"has-text-align-center\">&#8211; Se cobra por peso real, no por volumen y desde tan solo medio kilo.<br>&#8211; Ideal para celulares, piezas de ropa, relojes, partes de computadora o artefactos de l\u00ednea<br>blanca, documentos, libros, vitaminas, cargadores, herramientas.<br>&#8211; Despu\u00e9s de cancelado el traslado el tiempo promedio de llegada a nuestra tienda es en<br>promedio 10 d\u00edas continuos.<br>&#8211; Puede solicitar consolidaci\u00f3n de mercanc\u00edas pre alertadas.<\/p>\n\n\n\n<p class=\"has-text-align-center\"><strong>CASILLERO MAR\u00cdTIMO MIAMI<\/strong><\/p>\n\n\n\n<p>El costo actual es: 29 d\u00f3lares por pie c\u00fabico m\u00e1s seguro. El seguro es 5% del valor declarado, m\u00ednimo 5 d\u00f3lares.<\/p>\n\n\n\n<p class=\"has-text-align-center\">&#8211; Se cobra por volumen y desde tan solo 1 pie cubico.<br>&#8211; Ideal para impresoras, artefactos el\u00e9ctricos voluminosos como \u00ab<em>air fryer<\/em>\u00ab, aspiradoras,<br>microondas, pa\u00f1ales, computadores, televisores, etc.<br>&#8211; Despu\u00e9s de cancelado el traslado el tiempo promedio de llegada a nuestra tienda es en<br>promedio 3 semanas.<br>&#8211; Puede solicitar consolidaci\u00f3n de varios paquetes.<\/p>\n\n\n\n<p class=\"has-text-align-center\"><br><strong>Beneficios de tener un Casillero Internacional ZOOM<\/strong><br>&#8211; Sin costo de inscripci\u00f3n<br>&#8211; Acceso a Portal \u00danico de autogesti\u00f3n<br>&#8211; Opci\u00f3n de escoger modalidad a\u00e9rea o mar\u00edtima<br>&#8211; Pago del traslado a trav\u00e9s de portal seguro en diferentes modalidades:<br> Bol\u00edvares con pago m\u00f3vil,<br>D\u00f3lares con Tarjeta Internacional, Zelle o Paypal<br>&#8211; Consolidaci\u00f3n de encomiendas<br>&#8211; Salidas a\u00e9reas y mar\u00edtimas semanales<\/p>\n\n\n\n<p class=\"has-text-align-center\"><strong>INSCRIPCI\u00d3N SERVICIO DE CASILLERO INTERNACIONAL MIAMI<\/strong><\/p>\n\n\n\n<p class=\"has-ast-global-color-3-color has-text-color has-link-color wp-elements-fa937659887364b08ccf7234f34bef82\">1\ufe0f\u20e3 La inscripci\u00f3n en el Casillero es completamente Gratis y en l\u00ednea a trav\u00e9s de la p\u00e1gina <a href=\"https:\/\/casilleros.zoom.red\/\">https:\/\/casilleros.zoom.red\/<\/a> (recuerda colocar nuestra tienda ShipCenter como receptora del env\u00edo).<\/p>\n\n\n\n<p class=\"has-ast-global-color-3-color has-text-color has-link-color wp-elements-1de02ce75e70dd62d1347cbd938e6d9d\">2\ufe0f\u20e3 Al registrarte te ofrecemos una p\u00e1gina f\u00e1cil y actualizada al instante donde podr\u00e1s prealertar compras, consolidar paquetes y rastrearlos.<\/p>\n\n\n\n<p class=\"has-ast-global-color-3-color has-text-color has-link-color wp-elements-25c76d695baa85ef5a3e28c7be802e89\">3\ufe0f\u20e3 Cuando la mercanc\u00eda o documento llega al almac\u00e9n de Miami te llegar\u00e1 una notificaci\u00f3n al correo de lo que recibiste para hacer el pago.<\/p>\n\n\n\n<p class=\"has-ast-global-color-3-color has-text-color has-link-color wp-elements-93e2d575bdaa51e1d9c337b28368c142\">4\ufe0f\u20e3 El pago del flete lo puedes hacer online en bol\u00edvares por pago m\u00f3vil o en divisas con tarjeta o zelle a trav\u00e9s de una p\u00e1gina de pago que te brinda seguridad y comodidad.<\/p>\n\n\n\n<p class=\"has-ast-global-color-3-color has-text-color has-link-color wp-elements-d5c9ccfa3ebabd536ae540c2f6581858\">5\ufe0f\u20e3 El tiempo promedio de traslado a\u00e9reo son 10 d\u00edas h\u00e1biles despu\u00e9s de confirmado el pago del traslado internacional.<\/p>\n\n\n\n<p class=\"has-ast-global-color-3-color has-text-color has-link-color wp-elements-f992d590aea7e61ab3abd1222f2c4461\">6\ufe0f\u20e3 Retiras el paquete en nuestra tienda ShipCenter de tu preferencia sin tener que esperar en casa por el mensajero.<\/p>\n\n\n\n<p>Para comenzar a utilizar de este servicio, debe registrarse en la p\u00e1gina: <a href=\"https:\/\/casilleros.zoom.red\/\">https:\/\/casilleros.zoom.red\/<\/a> y seguir las instrucciones:<\/p>\n\n\n\n<ul class=\"wp-block-list\">\n<li>Si no tiene casillero escriba No y proceda a completar la informaci\u00f3n en las pantallas que se despliegan. <\/li>\n\n\n\n<li>Presionar: Guardar Datos. El Sistema crea el casillero. <\/li>\n\n\n\n<li>Proceda a completar la informaci\u00f3n en las Secciones: Actualizar Datos.<\/li>\n\n\n\n<li>En el paso 2 de \u00abActualizar Datos\u00bb: seleccione el Aliado ShipCenter xxxxx (Santa<\/li>\n\n\n\n<li>F\u00e9, Manzanares, Galer\u00edas Prados del Este, El Recreo) como Direcci\u00f3n de Entrega de sus encomiendas para lo cual: seleccione como tipo de entrega: <strong>Entrega por Oficina<\/strong>, seleccione <strong>Distrito Capital \u2013 Caracas<\/strong>, seleccione como Oficina: ALIADO ZOOM SHIPCENTER XXXXXX y presione guardar.<\/li>\n<\/ul>\n\n\n\n<p class=\"has-ast-global-color-3-color has-text-color has-link-color wp-elements-f5dc84a720a6d72b2a2a6e988d749d3c\">Para seguir utilizando su servicio de Casillero desde Miami con tu mismo n\u00famero deber\u00e1 actualizarlo en el siguiente portal:<\/p>\n\n\n\n<figure class=\"wp-block-embed is-type-wp-embed is-provider-zoom wp-block-embed-zoom\"><div class=\"wp-block-embed__wrapper\">\n<blockquote class=\"wp-embedded-content\" data-secret=\"QnoX9o5B3h\"><a href=\"https:\/\/zoom.red\/\">Env\u00edos y Remesas<\/a><\/blockquote><iframe loading=\"lazy\" class=\"wp-embedded-content\" sandbox=\"allow-scripts\" security=\"restricted\" style=\"position: absolute; clip: rect(1px, 1px, 1px, 1px);\" title=\"\u00abEnv\u00edos y Remesas\u00bb \u2014 ZOOM\" src=\"https:\/\/zoom.red\/embed\/#?secret=iGz7Ko3rSM#?secret=QnoX9o5B3h\" data-secret=\"QnoX9o5B3h\" width=\"500\" height=\"282\" frameborder=\"0\" marginwidth=\"0\" marginheight=\"0\" scrolling=\"no\"><\/iframe>\n<\/div><\/figure>\n\n\n\n<p>Si ya ten\u00edas Casillero Internacional Miami en nuestra anterior plataforma, para seguir utilizando el mismo n\u00famero deber\u00e1s actualizarlo en el portal de ZOOM, en la secci\u00f3n de casilleros:<\/p>\n\n\n\n<p><a href=\"https:\/\/casilleros.zoom.red\">https:\/\/casilleros.zoom.red<\/a><\/p>\n\n\n\n<p>Como ya eres usuario del servicio, entra por la opci\u00f3n REG\u00cdSTRATE, indica que SI tienes casillero, completa los datos solicitados asociados al casillero que tienes actualmente y presiona el bot\u00f3n de Consultar Datos. El n\u00famero de tu casillero seguir\u00e1 siendo el mismo, cambian las siglas a &nbsp;CCS de Caracas.<\/p>\n\n\n\n<p>El sistema validar\u00e1 la informaci\u00f3n de tu casillero actual y te enviar\u00e1 una contrase\u00f1a temporal para que puedas iniciar sesi\u00f3n en el Portal. Al iniciar sesi\u00f3n debes verificar la informaci\u00f3n solicitada y recuerda seleccionar como Oficina de Recepci\u00f3n al ALIADO ZOOM SHIPCENTER de tu preferencia.<\/p>\n\n\n\n<p>El Servicio de Casillero Miami, cuenta con un <strong>Portal de Autogesti\u00f3n<\/strong>, donde el cliente puede realizar las siguientes tareas:<\/p>\n\n\n\n<p class=\"has-text-align-center\">&#8211; Control y seguimiento de encomiendas recibidas o por recibir<br>&#8211; Calculadora de precios de los costos asociados al env\u00edo (dependiendo del peso, volumen y<br>servicio de consolidaci\u00f3n)<br>&#8211; M\u00faltiples formas de pago (tarjetas de cr\u00e9dito internacional, Paypal, zelle, pago m\u00f3vil)<br>&#8211; Consolidar sus compras<br>&#8211; Una vez registrado puede ingresar al Portal de Autogesti\u00f3n en la<br>direcci\u00f3n: <a href=\"https:\/\/casilleros.zoom.red\/\">https:\/\/casilleros.zoom.red\/<\/a><\/p>\n\n\n\n<p>Cualquier duda contacta la tienda de tu preferencia.<\/p>\n\n\n\n<p class=\"has-vivid-red-color has-text-color has-link-color wp-elements-0d41818d3a71c5776c22b6e849cc7aa6\"><strong>Te esperamos para gestionar tu pr\u00f3ximo env\u00edo.<\/strong><\/p>\n","protected":false},"excerpt":{"rendered":"<p>Casillero Miami El servicio de casilleros de Miami le permite recibir encomiendas en la direcci\u00f3n de nuestro almac\u00e9n en Miami (compras en l\u00ednea \/ env\u00edos de familiares y\/o amigos, documentos) pague en l\u00ednea con tarjeta de cr\u00e9dito internacional, Paypal \u00f3 Pago Movil Bs. para posteriormente ser trasladadas a su tienda ShipCenter de confianza v\u00eda a\u00e9rea &hellip;<\/p>\n<p class=\"read-more\"> <a class=\"\" href=\"https:\/\/shipcenter.com.ve\/ccs\/inscripcion-casillero\/\"> <span class=\"screen-reader-text\">Casillero Miami<\/span> Leer m\u00e1s &raquo;<\/a><\/p>\n","protected":false},"author":1,"featured_media":0,"parent":0,"menu_order":0,"comment_status":"closed","ping_status":"closed","template":"","meta":{"site-sidebar-layout":"default","site-content-layout":"default","ast-global-header-display":"","ast-banner-title-visibility":"","ast-main-header-display":"","ast-hfb-above-header-display":"","ast-hfb-below-header-display":"","ast-hfb-mobile-header-display":"","site-post-title":"disabled","ast-breadcrumbs-content":"","ast-featured-img":"","footer-sml-layout":"","theme-transparent-header-meta":"","adv-header-id-meta":"","stick-header-meta":"","header-above-stick-meta":"","header-main-stick-meta":"","header-below-stick-meta":"","footnotes":""},"class_list":["post-85","page","type-page","status-publish","hentry"],"_links":{"self":[{"href":"https:\/\/shipcenter.com.ve\/ccs\/wp-json\/wp\/v2\/pages\/85","targetHints":{"allow":["GET"]}}],"collection":[{"href":"https:\/\/shipcenter.com.ve\/ccs\/wp-json\/wp\/v2\/pages"}],"about":[{"href":"https:\/\/shipcenter.com.ve\/ccs\/wp-json\/wp\/v2\/types\/page"}],"author":[{"embeddable":true,"href":"https:\/\/shipcenter.com.ve\/ccs\/wp-json\/wp\/v2\/users\/1"}],"replies":[{"embeddable":true,"href":"https:\/\/shipcenter.com.ve\/ccs\/wp-json\/wp\/v2\/comments?post=85"}],"version-history":[{"count":17,"href":"https:\/\/shipcenter.com.ve\/ccs\/wp-json\/wp\/v2\/pages\/85\/revisions"}],"predecessor-version":[{"id":257,"href":"https:\/\/shipcenter.com.ve\/ccs\/wp-json\/wp\/v2\/pages\/85\/revisions\/257"}],"wp:attachment":[{"href":"https:\/\/shipcenter.com.ve\/ccs\/wp-json\/wp\/v2\/media?parent=85"}],"curies":[{"name":"wp","href":"https:\/\/api.w.org\/{rel}","templated":true}]}}