{"id":158,"date":"2023-07-10T04:01:16","date_gmt":"2023-07-10T04:01:16","guid":{"rendered":"https:\/\/shipcenter.com.ve\/ccs\/?page_id=158"},"modified":"2024-06-05T14:11:38","modified_gmt":"2024-06-05T14:11:38","slug":"envios-internacionales","status":"publish","type":"page","link":"https:\/\/shipcenter.com.ve\/ccs\/envios-internacionales\/","title":{"rendered":"Envios internacionales"},"content":{"rendered":"\n<p class=\"has-text-align-center has-ast-global-color-5-color has-vivid-red-background-color has-text-color has-background has-large-font-size\"><strong>Env\u00edos internacionales <\/strong><\/p>\n\n\n\n<p>Somos agentes autorizados DHL. <\/p>\n\n\n\n<p>DHL conecta con m\u00e1s de 220 pa\u00edses y territorios en todo el mundo, brindando servicios integrados y soluciones personalizadas para gestionar y transportar documentos y mercanc\u00eda.<\/p>\n\n\n\n<p>DHL Express entrega con alcance internacional y equipos locales, ofrece entregas puerta a puerta, con tiempos definidos, alrededor del mundo.Realiza tu env\u00edo desde cualquiera de nuestras tiendas ShipCenter.<\/p>\n","protected":false},"excerpt":{"rendered":"<p>Env\u00edos internacionales Somos agentes autorizados DHL. DHL conecta con m\u00e1s de 220 pa\u00edses y territorios en todo el mundo, brindando servicios integrados y soluciones personalizadas para gestionar y transportar documentos y mercanc\u00eda. DHL Express entrega con alcance internacional y equipos locales, ofrece entregas puerta a puerta, con tiempos definidos, alrededor del mundo.Realiza tu env\u00edo desde &hellip;<\/p>\n<p class=\"read-more\"> <a class=\"\" href=\"https:\/\/shipcenter.com.ve\/ccs\/envios-internacionales\/\"> <span class=\"screen-reader-text\">Envios internacionales<\/span> Leer m\u00e1s &raquo;<\/a><\/p>\n","protected":false},"author":1,"featured_media":0,"parent":0,"menu_order":0,"comment_status":"closed","ping_status":"closed","template":"","meta":{"site-sidebar-layout":"default","site-content-layout":"default","ast-global-header-display":"","ast-banner-title-visibility":"","ast-main-header-display":"","ast-hfb-above-header-display":"","ast-hfb-below-header-display":"","ast-hfb-mobile-header-display":"","site-post-title":"disabled","ast-breadcrumbs-content":"","ast-featured-img":"","footer-sml-layout":"","theme-transparent-header-meta":"","adv-header-id-meta":"","stick-header-meta":"","header-above-stick-meta":"","header-main-stick-meta":"","header-below-stick-meta":"","footnotes":""},"class_list":["post-158","page","type-page","status-publish","hentry"],"_links":{"self":[{"href":"https:\/\/shipcenter.com.ve\/ccs\/wp-json\/wp\/v2\/pages\/158","targetHints":{"allow":["GET"]}}],"collection":[{"href":"https:\/\/shipcenter.com.ve\/ccs\/wp-json\/wp\/v2\/pages"}],"about":[{"href":"https:\/\/shipcenter.com.ve\/ccs\/wp-json\/wp\/v2\/types\/page"}],"author":[{"embeddable":true,"href":"https:\/\/shipcenter.com.ve\/ccs\/wp-json\/wp\/v2\/users\/1"}],"replies":[{"embeddable":true,"href":"https:\/\/shipcenter.com.ve\/ccs\/wp-json\/wp\/v2\/comments?post=158"}],"version-history":[{"count":1,"href":"https:\/\/shipcenter.com.ve\/ccs\/wp-json\/wp\/v2\/pages\/158\/revisions"}],"predecessor-version":[{"id":159,"href":"https:\/\/shipcenter.com.ve\/ccs\/wp-json\/wp\/v2\/pages\/158\/revisions\/159"}],"wp:attachment":[{"href":"https:\/\/shipcenter.com.ve\/ccs\/wp-json\/wp\/v2\/media?parent=158"}],"curies":[{"name":"wp","href":"https:\/\/api.w.org\/{rel}","templated":true}]}}