{"id":127,"date":"2023-06-19T04:01:34","date_gmt":"2023-06-19T04:01:34","guid":{"rendered":"https:\/\/shipcenter.com.ve\/ccs\/?page_id=127"},"modified":"2024-04-05T04:23:24","modified_gmt":"2024-04-05T04:23:24","slug":"tarifas-y-restricciones-maritimas","status":"publish","type":"page","link":"https:\/\/shipcenter.com.ve\/ccs\/tarifas-y-restricciones-maritimas\/","title":{"rendered":"Tarifas Mar\u00edtimas"},"content":{"rendered":"\n<p class=\"has-vivid-red-color has-text-color\"><strong>Casillero internacional Europa:<\/strong><\/p>\n\n\n\n<p class=\"has-ast-global-color-3-color has-text-color\">Caja Peque\u00f1a (30x30x30cm, max 10Kg): 44\u20ac<br>Caja Mediana (40x40x40cm max 20Kg): 90\u20ac<br>Caja Grande (60x40x40cm max 26Kg): 120\u20ac<br>Resto de cajas: solicitar cotizaci\u00f3n<br>Seguro: 5% del valor declarado. M\u00ednimo 1,5\u20ac<\/p>\n\n\n\n<p class=\"has-vivid-red-color has-text-color\"><strong>Casillero internacional Miami: <\/strong><\/p>\n\n\n\n<p>El costo actual es: 29 d\u00f3lares por pie c\u00fabico m\u00e1s seguro. El seguro es 5% del valor declarado, m\u00ednimo 5 d\u00f3lares.<\/p>\n\n\n\n<p class=\"has-ast-global-color-3-color has-text-color\">El m\u00ednimo facturable por pieza es de 1 pie c\u00fabico, el peso volum\u00e9trico se redondea siempre a pie c\u00fabico.<\/p>\n\n\n\n<p class=\"has-ast-global-color-3-color has-text-color\"><\/p>\n\n\n\n<p class=\"has-vivid-red-color has-text-color\"><br><\/p>\n","protected":false},"excerpt":{"rendered":"<p>Casillero internacional Europa: Caja Peque\u00f1a (30x30x30cm, max 10Kg): 44\u20acCaja Mediana (40x40x40cm max 20Kg): 90\u20acCaja Grande (60x40x40cm max 26Kg): 120\u20acResto de cajas: solicitar cotizaci\u00f3nSeguro: 5% del valor declarado. M\u00ednimo 1,5\u20ac Casillero internacional Miami: El costo actual es: 29 d\u00f3lares por pie c\u00fabico m\u00e1s seguro. El seguro es 5% del valor declarado, m\u00ednimo 5 d\u00f3lares. El m\u00ednimo &hellip;<\/p>\n<p class=\"read-more\"> <a class=\"\" href=\"https:\/\/shipcenter.com.ve\/ccs\/tarifas-y-restricciones-maritimas\/\"> <span class=\"screen-reader-text\">Tarifas Mar\u00edtimas<\/span> Leer m\u00e1s &raquo;<\/a><\/p>\n","protected":false},"author":1,"featured_media":0,"parent":0,"menu_order":0,"comment_status":"closed","ping_status":"closed","template":"","meta":{"site-sidebar-layout":"default","site-content-layout":"default","ast-global-header-display":"","ast-banner-title-visibility":"","ast-main-header-display":"","ast-hfb-above-header-display":"","ast-hfb-below-header-display":"","ast-hfb-mobile-header-display":"","site-post-title":"","ast-breadcrumbs-content":"","ast-featured-img":"","footer-sml-layout":"","theme-transparent-header-meta":"","adv-header-id-meta":"","stick-header-meta":"","header-above-stick-meta":"","header-main-stick-meta":"","header-below-stick-meta":"","footnotes":""},"class_list":["post-127","page","type-page","status-publish","hentry"],"_links":{"self":[{"href":"https:\/\/shipcenter.com.ve\/ccs\/wp-json\/wp\/v2\/pages\/127","targetHints":{"allow":["GET"]}}],"collection":[{"href":"https:\/\/shipcenter.com.ve\/ccs\/wp-json\/wp\/v2\/pages"}],"about":[{"href":"https:\/\/shipcenter.com.ve\/ccs\/wp-json\/wp\/v2\/types\/page"}],"author":[{"embeddable":true,"href":"https:\/\/shipcenter.com.ve\/ccs\/wp-json\/wp\/v2\/users\/1"}],"replies":[{"embeddable":true,"href":"https:\/\/shipcenter.com.ve\/ccs\/wp-json\/wp\/v2\/comments?post=127"}],"version-history":[{"count":5,"href":"https:\/\/shipcenter.com.ve\/ccs\/wp-json\/wp\/v2\/pages\/127\/revisions"}],"predecessor-version":[{"id":248,"href":"https:\/\/shipcenter.com.ve\/ccs\/wp-json\/wp\/v2\/pages\/127\/revisions\/248"}],"wp:attachment":[{"href":"https:\/\/shipcenter.com.ve\/ccs\/wp-json\/wp\/v2\/media?parent=127"}],"curies":[{"name":"wp","href":"https:\/\/api.w.org\/{rel}","templated":true}]}}