{"id":114,"date":"2023-06-19T03:31:30","date_gmt":"2023-06-19T03:31:30","guid":{"rendered":"https:\/\/shipcenter.com.ve\/ccs\/?page_id=114"},"modified":"2023-07-10T04:59:25","modified_gmt":"2023-07-10T04:59:25","slug":"inscripcion-casillero-europa","status":"publish","type":"page","link":"https:\/\/shipcenter.com.ve\/ccs\/inscripcion-casillero-europa\/","title":{"rendered":"Casillero Europa"},"content":{"rendered":"\n<p class=\"has-text-align-center has-ast-global-color-5-color has-vivid-red-background-color has-text-color has-background has-large-font-size\"><strong>Casillero<\/strong> <strong>Europa<\/strong><\/p>\n\n\n\n<p class=\"has-text-align-center\">El servicio de casilleros de Espa\u00f1a le permite recibir encomiendas en Madrid (compras en l\u00ednea \/ env\u00edos de familiares y\/o amigos, documentos) para posteriormente ser trasladadas a su tienda ShipCenter de confianza v\u00eda a\u00e9rea o v\u00eda mar\u00edtima. El casillero de Espa\u00f1a es manejado por nuestros aliados ShipXpress.<\/p>\n\n\n\n<div class=\"wp-block-columns is-layout-flex wp-container-core-columns-is-layout-28f84493 wp-block-columns-is-layout-flex\">\n<div class=\"wp-block-column is-layout-flow wp-block-column-is-layout-flow\" style=\"flex-basis:100%\">\n<p class=\"has-text-align-center\"><strong>Beneficios de tener un Casillero Internacional ZOOM<\/strong><br>&#8211; Sin costo de inscripci\u00f3n<br>&#8211; Opci\u00f3n de escoger modalidad a\u00e9rea o mar\u00edtimo<br>&#8211; Pago del traslado a trav\u00e9s de portal seguro en diferentes modalidades:<br>Euros &#8211; dep\u00f3sito \/ transferencia bancaria<br> D\u00f3lares &#8211; Zelle<br>&#8211; Consolidaci\u00f3n de encomiendas<br>&#8211; Salidas a\u00e9reas semanales \/ Salidas mar\u00edtimas mensuales<br>&#8211; Recomendado para la compra de medicamentos, si lo requieren pueden<br>gestionar la compra del medicamento<br>&#8211; Adem\u00e1s de compras de ropa, accesorios para el hogar, calzado, recomendamos<br>este casillero para la compra de \u201dExquisiteces Europeas\u201d<\/p>\n<\/div>\n<\/div>\n","protected":false},"excerpt":{"rendered":"<p>Casillero Europa El servicio de casilleros de Espa\u00f1a le permite recibir encomiendas en Madrid (compras en l\u00ednea \/ env\u00edos de familiares y\/o amigos, documentos) para posteriormente ser trasladadas a su tienda ShipCenter de confianza v\u00eda a\u00e9rea o v\u00eda mar\u00edtima. El casillero de Espa\u00f1a es manejado por nuestros aliados ShipXpress. Beneficios de tener un Casillero Internacional &hellip;<\/p>\n<p class=\"read-more\"> <a class=\"\" href=\"https:\/\/shipcenter.com.ve\/ccs\/inscripcion-casillero-europa\/\"> <span class=\"screen-reader-text\">Casillero Europa<\/span> Leer m\u00e1s &raquo;<\/a><\/p>\n","protected":false},"author":1,"featured_media":0,"parent":0,"menu_order":0,"comment_status":"closed","ping_status":"closed","template":"","meta":{"site-sidebar-layout":"default","site-content-layout":"default","ast-global-header-display":"","ast-banner-title-visibility":"","ast-main-header-display":"","ast-hfb-above-header-display":"","ast-hfb-below-header-display":"","ast-hfb-mobile-header-display":"","site-post-title":"disabled","ast-breadcrumbs-content":"","ast-featured-img":"","footer-sml-layout":"","theme-transparent-header-meta":"","adv-header-id-meta":"","stick-header-meta":"","header-above-stick-meta":"","header-main-stick-meta":"","header-below-stick-meta":"","footnotes":""},"class_list":["post-114","page","type-page","status-publish","hentry"],"_links":{"self":[{"href":"https:\/\/shipcenter.com.ve\/ccs\/wp-json\/wp\/v2\/pages\/114","targetHints":{"allow":["GET"]}}],"collection":[{"href":"https:\/\/shipcenter.com.ve\/ccs\/wp-json\/wp\/v2\/pages"}],"about":[{"href":"https:\/\/shipcenter.com.ve\/ccs\/wp-json\/wp\/v2\/types\/page"}],"author":[{"embeddable":true,"href":"https:\/\/shipcenter.com.ve\/ccs\/wp-json\/wp\/v2\/users\/1"}],"replies":[{"embeddable":true,"href":"https:\/\/shipcenter.com.ve\/ccs\/wp-json\/wp\/v2\/comments?post=114"}],"version-history":[{"count":11,"href":"https:\/\/shipcenter.com.ve\/ccs\/wp-json\/wp\/v2\/pages\/114\/revisions"}],"predecessor-version":[{"id":186,"href":"https:\/\/shipcenter.com.ve\/ccs\/wp-json\/wp\/v2\/pages\/114\/revisions\/186"}],"wp:attachment":[{"href":"https:\/\/shipcenter.com.ve\/ccs\/wp-json\/wp\/v2\/media?parent=114"}],"curies":[{"name":"wp","href":"https:\/\/api.w.org\/{rel}","templated":true}]}}